{"id":7827,"date":"2024-08-22T10:53:48","date_gmt":"2024-08-22T08:53:48","guid":{"rendered":"https:\/\/huefner-duebel.de\/imprint\/"},"modified":"2024-12-04T12:42:34","modified_gmt":"2024-12-04T11:42:34","slug":"imprint","status":"publish","type":"page","link":"https:\/\/huefner-duebel.de\/en\/imprint\/","title":{"rendered":"Imprint"},"content":{"rendered":"\t\t<div data-elementor-type=\"wp-page\" data-elementor-id=\"7827\" class=\"elementor elementor-7827 elementor-7070\" data-elementor-post-type=\"page\">\n\t\t\t\t<div class=\"elementor-element elementor-element-a0649de e-flex e-con-boxed e-con e-parent\" data-id=\"a0649de\" data-element_type=\"container\" data-e-type=\"container\" data-settings=\"{&quot;background_background&quot;:&quot;classic&quot;,&quot;shape_divider_bottom&quot;:&quot;curve&quot;,&quot;shape_divider_bottom_negative&quot;:&quot;yes&quot;}\">\n\t\t\t\t\t<div class=\"e-con-inner\">\n\t\t\t\t<div class=\"elementor-shape elementor-shape-bottom\" aria-hidden=\"true\" data-negative=\"true\">\n\t\t\t<svg xmlns=\"http:\/\/www.w3.org\/2000\/svg\" viewBox=\"0 0 1000 100\" preserveAspectRatio=\"none\">\n\t<path class=\"elementor-shape-fill\" d=\"M500,97C126.7,96.3,0.8,19.8,0,0v100l1000,0V1C1000,19.4,873.3,97.8,500,97z\"\/>\n<\/svg>\t\t<\/div>\n\t\t\t\t<div class=\"elementor-element elementor-element-4af0178 elementor-widget elementor-widget-heading\" data-id=\"4af0178\" data-element_type=\"widget\" data-e-type=\"widget\" data-widget_type=\"heading.default\">\n\t\t\t\t<div class=\"elementor-widget-container\">\n\t\t\t\t\t<h1 class=\"elementor-heading-title elementor-size-default\">Imprint<\/h1>\t\t\t\t<\/div>\n\t\t\t\t<\/div>\n\t\t\t\t\t<\/div>\n\t\t\t\t<\/div>\n\t\t<div class=\"elementor-element elementor-element-2a924b0 e-flex e-con-boxed e-con e-parent\" data-id=\"2a924b0\" data-element_type=\"container\" data-e-type=\"container\" data-settings=\"{&quot;background_background&quot;:&quot;classic&quot;,&quot;shape_divider_bottom&quot;:&quot;curve&quot;}\">\n\t\t\t\t\t<div class=\"e-con-inner\">\n\t\t\t\t<div class=\"elementor-shape elementor-shape-bottom\" aria-hidden=\"true\" data-negative=\"false\">\n\t\t\t<svg xmlns=\"http:\/\/www.w3.org\/2000\/svg\" viewBox=\"0 0 1000 100\" preserveAspectRatio=\"none\">\n    <path class=\"elementor-shape-fill\" d=\"M1000,4.3V0H0v4.3C0.9,23.1,126.7,99.2,500,100S1000,22.7,1000,4.3z\"\/>\n<\/svg>\t\t<\/div>\n\t\t\t\t<div class=\"elementor-element elementor-element-868d088 elementor-widget__width-initial elementor-widget elementor-widget-text-editor\" data-id=\"868d088\" data-element_type=\"widget\" data-e-type=\"widget\" data-widget_type=\"text-editor.default\">\n\t\t\t\t<div class=\"elementor-widget-container\">\n\t\t\t\t\t\t\t\t\t<p>H\u00fcfner-D\u00fcbel GmbH<br \/>Gothaer Stra\u00dfe 50<br \/>99880 Waltershausen<\/p>\n<p>Commercial register: HRB 100072<br \/>Register court: Jena Local Court<\/p>\n<p>Represented by:<br \/>Dipl.-Kfm. Thomas Recker<\/p>\n<p><strong>Contact<\/strong><\/p>\n<p>Phone: +49 (0) 3622 92040<br \/>Fax: +49 (0) 3622 920419<br \/>E-mail: office@huefner-duebel.de<\/p>\n<p><strong>Sales tax ID<\/strong><\/p>\n<p>Value added tax identification number in accordance with \u00a7 27 a of the Value Added Tax Act:<br \/>DE150105360<\/p>\n<p><strong>EU dispute resolution<\/strong><\/p>\n<p>The European Commission provides a platform for online dispute resolution (OS): <a href=\"https:\/\/ec.europa.eu\/consumers\/odr\/\" target=\"_blank\" rel=\"noopener noreferrer\">https:\/\/ec.europa.eu\/consumers\/odr\/.<\/a><br \/>You can find our email address in the legal notice above.<\/p>\n<p><strong>Consumer dispute resolution\/universal arbitration board<\/strong><\/p>\n<p>We are not willing or obliged to participate in dispute resolution proceedings before a consumer arbitration board.<\/p>\n\t\t\t\t\t\t\t\t<\/div>\n\t\t\t\t<\/div>\n\t\t\t\t<div class=\"elementor-element elementor-element-0b399cc elementor-widget elementor-widget-spacer\" data-id=\"0b399cc\" data-element_type=\"widget\" data-e-type=\"widget\" data-widget_type=\"spacer.default\">\n\t\t\t\t<div class=\"elementor-widget-container\">\n\t\t\t\t\t\t\t<div class=\"elementor-spacer\">\n\t\t\t<div class=\"elementor-spacer-inner\"><\/div>\n\t\t<\/div>\n\t\t\t\t\t\t<\/div>\n\t\t\t\t<\/div>\n\t\t\t\t\t<\/div>\n\t\t\t\t<\/div>\n\t\t\t\t<\/div>\n\t\t","protected":false},"excerpt":{"rendered":"<p>Imprint H\u00fcfner-D\u00fcbel GmbHGothaer Stra\u00dfe 5099880 Waltershausen Commercial register: HRB 100072Register court: Jena Local Court Represented by:Dipl.-Kfm. Thomas Recker Contact Phone: +49 (0) 3622 92040Fax: +49 (0) 3622 920419E-mail: office@huefner-duebel.de Sales tax ID Value added tax identification number in accordance with \u00a7 27 a of the Value Added Tax Act:DE150105360 EU dispute resolution The European Commission [&hellip;]<\/p>\n","protected":false},"author":1,"featured_media":0,"parent":0,"menu_order":0,"comment_status":"closed","ping_status":"closed","template":"elementor_header_footer","meta":{"_acf_changed":false,"footnotes":""},"class_list":["post-7827","page","type-page","status-publish","hentry"],"acf":[],"yoast_head":"<!-- This site is optimized with the Yoast SEO plugin v27.3 - https:\/\/yoast.com\/product\/yoast-seo-wordpress\/ -->\n<title>Imprint - H\u00fcfner-D\u00fcbel GmbH<\/title>\n<meta name=\"robots\" content=\"noindex, follow\" \/>\n<meta property=\"og:locale\" content=\"en_US\" \/>\n<meta property=\"og:type\" content=\"article\" \/>\n<meta property=\"og:title\" content=\"Imprint - H\u00fcfner-D\u00fcbel GmbH\" \/>\n<meta property=\"og:description\" content=\"Imprint H\u00fcfner-D\u00fcbel GmbHGothaer Stra\u00dfe 5099880 Waltershausen Commercial register: HRB 100072Register court: Jena Local Court Represented by:Dipl.-Kfm. Thomas Recker Contact Phone: +49 (0) 3622 92040Fax: +49 (0) 3622 920419E-mail: office@huefner-duebel.de Sales tax ID Value added tax identification number in accordance with \u00a7 27 a of the Value Added Tax Act:DE150105360 EU dispute resolution The European Commission [&hellip;]\" \/>\n<meta property=\"og:url\" content=\"https:\/\/huefner-duebel.de\/en\/imprint\/\" \/>\n<meta property=\"og:site_name\" content=\"H\u00fcfner-D\u00fcbel GmbH\" \/>\n<meta property=\"article:publisher\" content=\"https:\/\/www.facebook.com\/profile.php?id=61561605389105\" \/>\n<meta property=\"article:modified_time\" content=\"2024-12-04T11:42:34+00:00\" \/>\n<meta name=\"twitter:card\" content=\"summary_large_image\" \/>\n<meta name=\"twitter:label1\" content=\"Est. reading time\" \/>\n\t<meta name=\"twitter:data1\" content=\"1 minute\" \/>\n<script type=\"application\/ld+json\" class=\"yoast-schema-graph\">{\"@context\":\"https:\\\/\\\/schema.org\",\"@graph\":[{\"@type\":\"WebPage\",\"@id\":\"https:\\\/\\\/huefner-duebel.de\\\/en\\\/imprint\\\/\",\"url\":\"https:\\\/\\\/huefner-duebel.de\\\/en\\\/imprint\\\/\",\"name\":\"Imprint - H\u00fcfner-D\u00fcbel GmbH\",\"isPartOf\":{\"@id\":\"https:\\\/\\\/huefner-duebel.de\\\/#website\"},\"datePublished\":\"2024-08-22T08:53:48+00:00\",\"dateModified\":\"2024-12-04T11:42:34+00:00\",\"breadcrumb\":{\"@id\":\"https:\\\/\\\/huefner-duebel.de\\\/en\\\/imprint\\\/#breadcrumb\"},\"inLanguage\":\"en-US\",\"potentialAction\":[{\"@type\":\"ReadAction\",\"target\":[\"https:\\\/\\\/huefner-duebel.de\\\/en\\\/imprint\\\/\"]}]},{\"@type\":\"BreadcrumbList\",\"@id\":\"https:\\\/\\\/huefner-duebel.de\\\/en\\\/imprint\\\/#breadcrumb\",\"itemListElement\":[{\"@type\":\"ListItem\",\"position\":1,\"name\":\"Startseite\",\"item\":\"https:\\\/\\\/huefner-duebel.de\\\/en\\\/home\\\/\"},{\"@type\":\"ListItem\",\"position\":2,\"name\":\"Imprint\"}]},{\"@type\":\"WebSite\",\"@id\":\"https:\\\/\\\/huefner-duebel.de\\\/#website\",\"url\":\"https:\\\/\\\/huefner-duebel.de\\\/\",\"name\":\"H\u00fcfner-D\u00fcbel GmbH\",\"description\":\"\",\"publisher\":{\"@id\":\"https:\\\/\\\/huefner-duebel.de\\\/#organization\"},\"alternateName\":\"Ihr zuverl\u00e4ssiger Partner f\u00fcr Befestigungstechnik\",\"potentialAction\":[{\"@type\":\"SearchAction\",\"target\":{\"@type\":\"EntryPoint\",\"urlTemplate\":\"https:\\\/\\\/huefner-duebel.de\\\/?s={search_term_string}\"},\"query-input\":{\"@type\":\"PropertyValueSpecification\",\"valueRequired\":true,\"valueName\":\"search_term_string\"}}],\"inLanguage\":\"en-US\"},{\"@type\":\"Organization\",\"@id\":\"https:\\\/\\\/huefner-duebel.de\\\/#organization\",\"name\":\"H\u00fcfner-D\u00fcbel GmbH\",\"url\":\"https:\\\/\\\/huefner-duebel.de\\\/\",\"logo\":{\"@type\":\"ImageObject\",\"inLanguage\":\"en-US\",\"@id\":\"https:\\\/\\\/huefner-duebel.de\\\/#\\\/schema\\\/logo\\\/image\\\/\",\"url\":\"https:\\\/\\\/huefner-duebel.de\\\/wp-content\\\/uploads\\\/2024\\\/08\\\/Logo_3D-freigestellt.png\",\"contentUrl\":\"https:\\\/\\\/huefner-duebel.de\\\/wp-content\\\/uploads\\\/2024\\\/08\\\/Logo_3D-freigestellt.png\",\"width\":1280,\"height\":710,\"caption\":\"H\u00fcfner-D\u00fcbel GmbH\"},\"image\":{\"@id\":\"https:\\\/\\\/huefner-duebel.de\\\/#\\\/schema\\\/logo\\\/image\\\/\"},\"sameAs\":[\"https:\\\/\\\/www.facebook.com\\\/profile.php?id=61561605389105\"]}]}<\/script>\n<!-- \/ Yoast SEO plugin. -->","yoast_head_json":{"title":"Imprint - H\u00fcfner-D\u00fcbel GmbH","robots":{"index":"noindex","follow":"follow"},"og_locale":"en_US","og_type":"article","og_title":"Imprint - H\u00fcfner-D\u00fcbel GmbH","og_description":"Imprint H\u00fcfner-D\u00fcbel GmbHGothaer Stra\u00dfe 5099880 Waltershausen Commercial register: HRB 100072Register court: Jena Local Court Represented by:Dipl.-Kfm. Thomas Recker Contact Phone: +49 (0) 3622 92040Fax: +49 (0) 3622 920419E-mail: office@huefner-duebel.de Sales tax ID Value added tax identification number in accordance with \u00a7 27 a of the Value Added Tax Act:DE150105360 EU dispute resolution The European Commission [&hellip;]","og_url":"https:\/\/huefner-duebel.de\/en\/imprint\/","og_site_name":"H\u00fcfner-D\u00fcbel GmbH","article_publisher":"https:\/\/www.facebook.com\/profile.php?id=61561605389105","article_modified_time":"2024-12-04T11:42:34+00:00","twitter_card":"summary_large_image","twitter_misc":{"Est. reading time":"1 minute"},"schema":{"@context":"https:\/\/schema.org","@graph":[{"@type":"WebPage","@id":"https:\/\/huefner-duebel.de\/en\/imprint\/","url":"https:\/\/huefner-duebel.de\/en\/imprint\/","name":"Imprint - H\u00fcfner-D\u00fcbel GmbH","isPartOf":{"@id":"https:\/\/huefner-duebel.de\/#website"},"datePublished":"2024-08-22T08:53:48+00:00","dateModified":"2024-12-04T11:42:34+00:00","breadcrumb":{"@id":"https:\/\/huefner-duebel.de\/en\/imprint\/#breadcrumb"},"inLanguage":"en-US","potentialAction":[{"@type":"ReadAction","target":["https:\/\/huefner-duebel.de\/en\/imprint\/"]}]},{"@type":"BreadcrumbList","@id":"https:\/\/huefner-duebel.de\/en\/imprint\/#breadcrumb","itemListElement":[{"@type":"ListItem","position":1,"name":"Startseite","item":"https:\/\/huefner-duebel.de\/en\/home\/"},{"@type":"ListItem","position":2,"name":"Imprint"}]},{"@type":"WebSite","@id":"https:\/\/huefner-duebel.de\/#website","url":"https:\/\/huefner-duebel.de\/","name":"H\u00fcfner-D\u00fcbel GmbH","description":"","publisher":{"@id":"https:\/\/huefner-duebel.de\/#organization"},"alternateName":"Ihr zuverl\u00e4ssiger Partner f\u00fcr Befestigungstechnik","potentialAction":[{"@type":"SearchAction","target":{"@type":"EntryPoint","urlTemplate":"https:\/\/huefner-duebel.de\/?s={search_term_string}"},"query-input":{"@type":"PropertyValueSpecification","valueRequired":true,"valueName":"search_term_string"}}],"inLanguage":"en-US"},{"@type":"Organization","@id":"https:\/\/huefner-duebel.de\/#organization","name":"H\u00fcfner-D\u00fcbel GmbH","url":"https:\/\/huefner-duebel.de\/","logo":{"@type":"ImageObject","inLanguage":"en-US","@id":"https:\/\/huefner-duebel.de\/#\/schema\/logo\/image\/","url":"https:\/\/huefner-duebel.de\/wp-content\/uploads\/2024\/08\/Logo_3D-freigestellt.png","contentUrl":"https:\/\/huefner-duebel.de\/wp-content\/uploads\/2024\/08\/Logo_3D-freigestellt.png","width":1280,"height":710,"caption":"H\u00fcfner-D\u00fcbel GmbH"},"image":{"@id":"https:\/\/huefner-duebel.de\/#\/schema\/logo\/image\/"},"sameAs":["https:\/\/www.facebook.com\/profile.php?id=61561605389105"]}]}},"_links":{"self":[{"href":"https:\/\/huefner-duebel.de\/en\/wp-json\/wp\/v2\/pages\/7827","targetHints":{"allow":["GET"]}}],"collection":[{"href":"https:\/\/huefner-duebel.de\/en\/wp-json\/wp\/v2\/pages"}],"about":[{"href":"https:\/\/huefner-duebel.de\/en\/wp-json\/wp\/v2\/types\/page"}],"author":[{"embeddable":true,"href":"https:\/\/huefner-duebel.de\/en\/wp-json\/wp\/v2\/users\/1"}],"replies":[{"embeddable":true,"href":"https:\/\/huefner-duebel.de\/en\/wp-json\/wp\/v2\/comments?post=7827"}],"version-history":[{"count":8,"href":"https:\/\/huefner-duebel.de\/en\/wp-json\/wp\/v2\/pages\/7827\/revisions"}],"predecessor-version":[{"id":9345,"href":"https:\/\/huefner-duebel.de\/en\/wp-json\/wp\/v2\/pages\/7827\/revisions\/9345"}],"wp:attachment":[{"href":"https:\/\/huefner-duebel.de\/en\/wp-json\/wp\/v2\/media?parent=7827"}],"curies":[{"name":"wp","href":"https:\/\/api.w.org\/{rel}","templated":true}]}}